{"id":466,"date":"2024-10-02T14:33:50","date_gmt":"2024-10-02T19:33:50","guid":{"rendered":"https:\/\/fecucheer.com\/?page_id=466"},"modified":"2024-10-02T15:32:45","modified_gmt":"2024-10-02T20:32:45","slug":"audiciones-selecciones","status":"publish","type":"page","link":"https:\/\/fecucheer.com\/index.php\/audiciones-selecciones\/","title":{"rendered":"AUDICIONES SELECCIONES"},"content":{"rendered":"\t\t<div data-elementor-type=\"wp-page\" data-elementor-id=\"466\" class=\"elementor elementor-466\" data-elementor-post-type=\"page\">\n\t\t\t\t<div class=\"elementor-element elementor-element-20371c9 e-flex e-con-boxed e-con e-parent\" data-id=\"20371c9\" data-element_type=\"container\">\n\t\t\t\t\t<div class=\"e-con-inner\">\n\t\t\t\t<div class=\"elementor-element elementor-element-4f870d6 elementor-widget elementor-widget-image\" data-id=\"4f870d6\" data-element_type=\"widget\" data-widget_type=\"image.default\">\n\t\t\t\t<div class=\"elementor-widget-container\">\n\t\t\t<style>\/*! elementor - v3.22.0 - 26-06-2024 *\/\n.elementor-widget-image{text-align:center}.elementor-widget-image a{display:inline-block}.elementor-widget-image a img[src$=\".svg\"]{width:48px}.elementor-widget-image img{vertical-align:middle;display:inline-block}<\/style>\t\t\t\t\t\t\t\t\t\t<img fetchpriority=\"high\" decoding=\"async\" width=\"1024\" height=\"348\" src=\"https:\/\/fecucheer.com\/wp-content\/uploads\/2024\/10\/AUDICION-COORDINADOR-1-1024x348.png\" class=\"attachment-large size-large wp-image-468\" alt=\"\" srcset=\"https:\/\/fecucheer.com\/wp-content\/uploads\/2024\/10\/AUDICION-COORDINADOR-1-1024x348.png 1024w, https:\/\/fecucheer.com\/wp-content\/uploads\/2024\/10\/AUDICION-COORDINADOR-1-300x102.png 300w, https:\/\/fecucheer.com\/wp-content\/uploads\/2024\/10\/AUDICION-COORDINADOR-1-768x261.png 768w, https:\/\/fecucheer.com\/wp-content\/uploads\/2024\/10\/AUDICION-COORDINADOR-1.png 1355w\" sizes=\"(max-width: 1024px) 100vw, 1024px\" \/>\t\t\t\t\t\t\t\t\t\t\t\t\t<\/div>\n\t\t\t\t<\/div>\n\t\t\t\t\t<\/div>\n\t\t\t\t<\/div>\n\t\t<div class=\"elementor-element elementor-element-dc8d2db e-flex e-con-boxed e-con e-parent\" data-id=\"dc8d2db\" data-element_type=\"container\">\n\t\t\t\t\t<div class=\"e-con-inner\">\n\t\t\t\t<div class=\"elementor-element elementor-element-70ea2f4 elementor-widget elementor-widget-heading\" data-id=\"70ea2f4\" data-element_type=\"widget\" data-widget_type=\"heading.default\">\n\t\t\t\t<div class=\"elementor-widget-container\">\n\t\t\t<style>\/*! elementor - v3.22.0 - 26-06-2024 *\/\n.elementor-heading-title{padding:0;margin:0;line-height:1}.elementor-widget-heading .elementor-heading-title[class*=elementor-size-]>a{color:inherit;font-size:inherit;line-height:inherit}.elementor-widget-heading .elementor-heading-title.elementor-size-small{font-size:15px}.elementor-widget-heading .elementor-heading-title.elementor-size-medium{font-size:19px}.elementor-widget-heading .elementor-heading-title.elementor-size-large{font-size:29px}.elementor-widget-heading .elementor-heading-title.elementor-size-xl{font-size:39px}.elementor-widget-heading .elementor-heading-title.elementor-size-xxl{font-size:59px}<\/style><h2 class=\"elementor-heading-title elementor-size-default\"><span style=\"color: rgb(0, 0, 0); font-family: Helvetica, sans-serif; font-size: 1.5rem;\">COORDINADOR SELECCIONES NACIONALES 2025<\/span><\/h2>\t\t<\/div>\n\t\t\t\t<\/div>\n\t\t\t\t\t<\/div>\n\t\t\t\t<\/div>\n\t\t<div class=\"elementor-element elementor-element-7d94084 e-flex e-con-boxed e-con e-parent\" data-id=\"7d94084\" data-element_type=\"container\">\n\t\t\t\t\t<div class=\"e-con-inner\">\n\t\t\t\t<div class=\"elementor-element elementor-element-5486fdc elementor-widget elementor-widget-text-editor\" data-id=\"5486fdc\" data-element_type=\"widget\" data-widget_type=\"text-editor.default\">\n\t\t\t\t<div class=\"elementor-widget-container\">\n\t\t\t<style>\/*! elementor - v3.22.0 - 26-06-2024 *\/\n.elementor-widget-text-editor.elementor-drop-cap-view-stacked .elementor-drop-cap{background-color:#69727d;color:#fff}.elementor-widget-text-editor.elementor-drop-cap-view-framed .elementor-drop-cap{color:#69727d;border:3px solid;background-color:transparent}.elementor-widget-text-editor:not(.elementor-drop-cap-view-default) .elementor-drop-cap{margin-top:8px}.elementor-widget-text-editor:not(.elementor-drop-cap-view-default) .elementor-drop-cap-letter{width:1em;height:1em}.elementor-widget-text-editor .elementor-drop-cap{float:left;text-align:center;line-height:1;font-size:50px}.elementor-widget-text-editor .elementor-drop-cap-letter{display:inline-block}<\/style>\t\t\t\t<p style=\"mso-margin-top-alt:auto;mso-margin-bottom-alt:auto;\nline-height:normal\"><span lang=\"ES\" style=\"font-size:12.0pt;font-family:&quot;Times New Roman&quot;,serif;\nmso-fareast-font-family:&quot;Times New Roman&quot;;mso-ansi-language:ES\">Crees que\ntienes lo necesario para ser uno de los Coordinadores de TEAM ECUADOR\nCHEERLEADING Y PERFORMANCE CHEER 2025.&nbsp;<o:p><\/o:p><\/span><\/p><p style=\"mso-margin-top-alt:auto;mso-margin-bottom-alt:auto;\nline-height:normal\"><span lang=\"ES\" style=\"font-size:12.0pt;font-family:&quot;Times New Roman&quot;,serif;\nmso-fareast-font-family:&quot;Times New Roman&quot;;mso-ansi-language:ES\">Para poder\naplicar al proceso como Coordinador de Log\u00edstica de Team Ecuador 2025, debes cumplir\ncon los siguientes requisitos y luego llenar el formulario,<o:p><\/o:p><\/span><\/p><ul type=\"disc\">\n <li style=\"mso-margin-top-alt:auto;mso-margin-bottom-alt:auto;\n     line-height:normal;mso-list:l0 level1 lfo1;tab-stops:list .5in\"><span style=\"font-size:12.0pt;font-family:&quot;Times New Roman&quot;,serif;mso-fareast-font-family:\n     &quot;Times New Roman&quot;\">Tener m\u00ednimo 21 a\u00f1os<o:p><\/o:p><\/span><\/li>\n <li style=\"mso-margin-top-alt:auto;mso-margin-bottom-alt:auto;\n     line-height:normal;mso-list:l0 level1 lfo1;tab-stops:list .5in\"><span lang=\"ES\" style=\"font-size:12.0pt;font-family:&quot;Times New Roman&quot;,serif;\n     mso-fareast-font-family:&quot;Times New Roman&quot;;mso-ansi-language:ES\">Ser\n     actualmente entrenador o atleta de un equipo de cheerleading o performance\n     cheer.<o:p><\/o:p><\/span><\/li>\n <li style=\"mso-margin-top-alt:auto;mso-margin-bottom-alt:auto;\n     line-height:normal;mso-list:l0 level1 lfo1;tab-stops:list .5in\"><span lang=\"ES\" style=\"font-size:12.0pt;font-family:&quot;Times New Roman&quot;,serif;\n     mso-fareast-font-family:&quot;Times New Roman&quot;;mso-ansi-language:ES\">Tener experiencia\n     m\u00ednima de 8 a\u00f1os consecutivos dentro del deporte.<o:p><\/o:p><\/span><\/li>\n <li style=\"mso-margin-top-alt:auto;mso-margin-bottom-alt:auto;\n     line-height:normal;mso-list:l0 level1 lfo1;tab-stops:list .5in\"><span lang=\"ES\" style=\"font-size:12.0pt;font-family:&quot;Times New Roman&quot;,serif;\n     mso-fareast-font-family:&quot;Times New Roman&quot;;mso-ansi-language:ES\">Tener\n     conocimiento b\u00e1sico de las reglas de nivel 3 al nivel 7 de ICU y\n     performance cheer.<o:p><\/o:p><\/span><\/li>\n <li style=\"mso-margin-top-alt:auto;mso-margin-bottom-alt:auto;\n     line-height:normal;mso-list:l0 level1 lfo1;tab-stops:list .5in\"><span lang=\"ES\" style=\"font-size:12.0pt;font-family:&quot;Times New Roman&quot;,serif;\n     mso-fareast-font-family:&quot;Times New Roman&quot;;mso-ansi-language:ES\">Haber\n     viajado internacionalmente como entrenador, atleta o coordinador con su\n     equipo en los \u00faltimos 5 a\u00f1os.<o:p><\/o:p><\/span><\/li>\n <li style=\"mso-margin-top-alt:auto;mso-margin-bottom-alt:auto;\n     line-height:normal;mso-list:l0 level1 lfo1;tab-stops:list .5in\"><span lang=\"ES\" style=\"font-size:12.0pt;font-family:&quot;Times New Roman&quot;,serif;\n     mso-fareast-font-family:&quot;Times New Roman&quot;;mso-ansi-language:ES\">Tener\n     pasaporte vigente o estar en proceso de emisi\u00f3n y\/o renovaci\u00f3n.<o:p><\/o:p><\/span><\/li>\n <li style=\"mso-margin-top-alt:auto;mso-margin-bottom-alt:auto;\n     line-height:normal;mso-list:l0 level1 lfo1;tab-stops:list .5in\"><span lang=\"ES\" style=\"font-size:12.0pt;font-family:&quot;Times New Roman&quot;,serif;\n     mso-fareast-font-family:&quot;Times New Roman&quot;;mso-ansi-language:ES\">Tener Visa\n     americana o tener cita agendada.<o:p><\/o:p><\/span><\/li>\n <li style=\"mso-margin-top-alt:auto;mso-margin-bottom-alt:auto;\n     line-height:normal;mso-list:l0 level1 lfo1;tab-stops:list .5in\"><span lang=\"ES\" style=\"font-size:12.0pt;font-family:&quot;Times New Roman&quot;,serif;\n     mso-fareast-font-family:&quot;Times New Roman&quot;;mso-ansi-language:ES\">No tener antecedentes\n     penales ni haber cometido ning\u00fan delito penal. <o:p><\/o:p><\/span><\/li>\n<\/ul><p>\n\n\n\n\n\n<\/p><p style=\"mso-margin-top-alt:auto;mso-margin-bottom-alt:auto;\nline-height:normal\"><span lang=\"ES\" style=\"font-size:12.0pt;font-family:&quot;Times New Roman&quot;,serif;\nmso-fareast-font-family:&quot;Times New Roman&quot;;mso-ansi-language:ES\">Para audicionar\ndebes llenar el formulario online a continuaci\u00f3n :<o:p><\/o:p><\/span><\/p>\t\t\t\t\t\t<\/div>\n\t\t\t\t<\/div>\n\t\t\t\t\t<\/div>\n\t\t\t\t<\/div>\n\t\t<div class=\"elementor-element elementor-element-05c6ba9 e-flex e-con-boxed e-con e-parent\" data-id=\"05c6ba9\" data-element_type=\"container\">\n\t\t\t\t\t<div class=\"e-con-inner\">\n\t\t\t\t<div class=\"elementor-element elementor-element-71673ed elementor-align-left elementor-widget__width-initial elementor-widget elementor-widget-button\" data-id=\"71673ed\" data-element_type=\"widget\" data-widget_type=\"button.default\">\n\t\t\t\t<div class=\"elementor-widget-container\">\n\t\t\t\t\t<div class=\"elementor-button-wrapper\">\n\t\t\t<a class=\"elementor-button elementor-button-link elementor-size-sm\" href=\"https:\/\/fecucheer.com\/index.php\/formulario-coordinador-team\/\" target=\"_blank\">\n\t\t\t\t\t\t<span class=\"elementor-button-content-wrapper\">\n\t\t\t\t\t\t<span class=\"elementor-button-icon\">\n\t\t\t\t<svg aria-hidden=\"true\" class=\"e-font-icon-svg e-far-clipboard\" viewBox=\"0 0 384 512\" xmlns=\"http:\/\/www.w3.org\/2000\/svg\"><path d=\"M336 64h-80c0-35.3-28.7-64-64-64s-64 28.7-64 64H48C21.5 64 0 85.5 0 112v352c0 26.5 21.5 48 48 48h288c26.5 0 48-21.5 48-48V112c0-26.5-21.5-48-48-48zM192 40c13.3 0 24 10.7 24 24s-10.7 24-24 24-24-10.7-24-24 10.7-24 24-24zm144 418c0 3.3-2.7 6-6 6H54c-3.3 0-6-2.7-6-6V118c0-3.3 2.7-6 6-6h42v36c0 6.6 5.4 12 12 12h168c6.6 0 12-5.4 12-12v-36h42c3.3 0 6 2.7 6 6z\"><\/path><\/svg>\t\t\t<\/span>\n\t\t\t\t\t\t\t\t\t<span class=\"elementor-button-text\">FORMULARIO DE REGISTRO COORDINADORES<\/span>\n\t\t\t\t\t<\/span>\n\t\t\t\t\t<\/a>\n\t\t<\/div>\n\t\t\t\t<\/div>\n\t\t\t\t<\/div>\n\t\t\t\t\t<\/div>\n\t\t\t\t<\/div>\n\t\t<div class=\"elementor-element elementor-element-0a6d1e6 e-flex e-con-boxed e-con e-parent\" data-id=\"0a6d1e6\" data-element_type=\"container\">\n\t\t\t\t\t<div class=\"e-con-inner\">\n\t\t\t\t<div class=\"elementor-element elementor-element-1d66acb elementor-widget__width-auto elementor-widget elementor-widget-text-editor\" data-id=\"1d66acb\" data-element_type=\"widget\" data-widget_type=\"text-editor.default\">\n\t\t\t\t<div class=\"elementor-widget-container\">\n\t\t\t\t\t\t\t<p style=\"line-height: normal;\"><span style=\"font-family: Times New Roman, serif;\"><b>Fecha limite de enviar formulario online<\/b>: Sabado 5 de Octubre<\/span><\/p>\t\t\t\t\t\t<\/div>\n\t\t\t\t<\/div>\n\t\t\t\t\t<\/div>\n\t\t\t\t<\/div>\n\t\t\t\t<\/div>\n\t\t","protected":false},"excerpt":{"rendered":"<p>COORDINADOR SELECCIONES NACIONALES 2025 Crees que tienes lo necesario para ser uno de los Coordinadores de TEAM ECUADOR CHEERLEADING Y PERFORMANCE CHEER 2025.&nbsp; Para poder aplicar al proceso como Coordinador de Log\u00edstica de Team Ecuador 2025, debes cumplir con los siguientes requisitos y luego llenar el formulario, Tener m\u00ednimo 21 a\u00f1os Ser actualmente entrenador o [&hellip;]<\/p>\n","protected":false},"author":1,"featured_media":0,"parent":0,"menu_order":0,"comment_status":"closed","ping_status":"closed","template":"","meta":{"footnotes":""},"class_list":["post-466","page","type-page","status-publish","hentry"],"blocksy_meta":[],"_links":{"self":[{"href":"https:\/\/fecucheer.com\/index.php\/wp-json\/wp\/v2\/pages\/466","targetHints":{"allow":["GET"]}}],"collection":[{"href":"https:\/\/fecucheer.com\/index.php\/wp-json\/wp\/v2\/pages"}],"about":[{"href":"https:\/\/fecucheer.com\/index.php\/wp-json\/wp\/v2\/types\/page"}],"author":[{"embeddable":true,"href":"https:\/\/fecucheer.com\/index.php\/wp-json\/wp\/v2\/users\/1"}],"replies":[{"embeddable":true,"href":"https:\/\/fecucheer.com\/index.php\/wp-json\/wp\/v2\/comments?post=466"}],"version-history":[{"count":7,"href":"https:\/\/fecucheer.com\/index.php\/wp-json\/wp\/v2\/pages\/466\/revisions"}],"predecessor-version":[{"id":476,"href":"https:\/\/fecucheer.com\/index.php\/wp-json\/wp\/v2\/pages\/466\/revisions\/476"}],"wp:attachment":[{"href":"https:\/\/fecucheer.com\/index.php\/wp-json\/wp\/v2\/media?parent=466"}],"curies":[{"name":"wp","href":"https:\/\/api.w.org\/{rel}","templated":true}]}}