{"id":616,"date":"2025-05-29T12:06:05","date_gmt":"2025-05-29T17:06:05","guid":{"rendered":"https:\/\/fecucheer.com\/?page_id=616"},"modified":"2025-05-29T16:37:02","modified_gmt":"2025-05-29T21:37:02","slug":"audiciones-team-2026","status":"publish","type":"page","link":"https:\/\/fecucheer.com\/index.php\/audiciones-team-2026\/","title":{"rendered":"Audiciones Team 2026"},"content":{"rendered":"\t\t<div data-elementor-type=\"wp-page\" data-elementor-id=\"616\" class=\"elementor elementor-616\" data-elementor-post-type=\"page\">\n\t\t\t\t<div class=\"elementor-element elementor-element-4fdd4f0 e-con-full e-flex e-con e-parent\" data-id=\"4fdd4f0\" data-element_type=\"container\">\n\t\t\t\t<div class=\"elementor-element elementor-element-4084aca elementor-widget elementor-widget-image\" data-id=\"4084aca\" data-element_type=\"widget\" data-widget_type=\"image.default\">\n\t\t\t\t<div class=\"elementor-widget-container\">\n\t\t\t<style>\/*! elementor - v3.22.0 - 26-06-2024 *\/\n.elementor-widget-image{text-align:center}.elementor-widget-image a{display:inline-block}.elementor-widget-image a img[src$=\".svg\"]{width:48px}.elementor-widget-image img{vertical-align:middle;display:inline-block}<\/style>\t\t\t\t\t\t\t\t\t\t<img fetchpriority=\"high\" decoding=\"async\" width=\"1366\" height=\"668\" src=\"https:\/\/fecucheer.com\/wp-content\/uploads\/2025\/05\/WEB-AUDICION-2025-1366-x-668-px.jpg\" class=\"attachment-full size-full wp-image-620\" alt=\"\" srcset=\"https:\/\/fecucheer.com\/wp-content\/uploads\/2025\/05\/WEB-AUDICION-2025-1366-x-668-px.jpg 1366w, https:\/\/fecucheer.com\/wp-content\/uploads\/2025\/05\/WEB-AUDICION-2025-1366-x-668-px-300x147.jpg 300w, https:\/\/fecucheer.com\/wp-content\/uploads\/2025\/05\/WEB-AUDICION-2025-1366-x-668-px-1024x501.jpg 1024w, https:\/\/fecucheer.com\/wp-content\/uploads\/2025\/05\/WEB-AUDICION-2025-1366-x-668-px-768x376.jpg 768w\" sizes=\"(max-width: 1366px) 100vw, 1366px\" \/>\t\t\t\t\t\t\t\t\t\t\t\t\t<\/div>\n\t\t\t\t<\/div>\n\t\t\t\t<\/div>\n\t\t<div class=\"elementor-element elementor-element-79311c7 e-con-full e-flex e-con e-parent\" data-id=\"79311c7\" data-element_type=\"container\">\n\t\t\t\t<div class=\"elementor-element elementor-element-1d87d67 elementor-widget__width-inherit elementor-widget elementor-widget-text-editor\" data-id=\"1d87d67\" data-element_type=\"widget\" data-widget_type=\"text-editor.default\">\n\t\t\t\t<div class=\"elementor-widget-container\">\n\t\t\t<style>\/*! elementor - v3.22.0 - 26-06-2024 *\/\n.elementor-widget-text-editor.elementor-drop-cap-view-stacked .elementor-drop-cap{background-color:#69727d;color:#fff}.elementor-widget-text-editor.elementor-drop-cap-view-framed .elementor-drop-cap{color:#69727d;border:3px solid;background-color:transparent}.elementor-widget-text-editor:not(.elementor-drop-cap-view-default) .elementor-drop-cap{margin-top:8px}.elementor-widget-text-editor:not(.elementor-drop-cap-view-default) .elementor-drop-cap-letter{width:1em;height:1em}.elementor-widget-text-editor .elementor-drop-cap{float:left;text-align:center;line-height:1;font-size:50px}.elementor-widget-text-editor .elementor-drop-cap-letter{display:inline-block}<\/style>\t\t\t\t\u00bfTienes lo necesario para ser parte de <strong>TEAM ECUADOR CHEERLEADING 2026<\/strong>?<BR><BR>\n\nLa <strong>Federaci\u00f3n Ecuatoriana de Cheerleading<\/strong> abre oficialmente el proceso de audici\u00f3n para conformar la nueva Selecci\u00f3n Nacional &#8211; <strong>Team Ecuador Cheerleading 2026.<\/strong><BR><BR>\n\nSi deseas aplicar, aseg\u00farate de cumplir con los siguientes <strong>requisitos indispensables<\/strong>:\n \t<li>Leer el I<strong>nformativo Oficial<\/strong> de audiciones<\/li>\n \t<li>Completar el <strong>Formulario Oficial<\/strong> de Inscripci\u00f3n<\/li>\n \t<li><strong>Realizar el pago<\/strong> correspondiente al proceso de audici\u00f3n<\/li>\n \t<li>Contar con <strong>pasaporte vigente<\/strong> o estar en proceso de emisi\u00f3n\/renovaci\u00f3n<\/li>\n \t<li>Tener <strong>visa americana<\/strong> vigente, en renovaci\u00f3n o con cita ya agendada<\/li><BR>\n<strong>INFORMACI\u00d3N IMPORTANTE<\/strong>\n<BR><li><strong>Regi\u00f3n Costa:<\/strong> \ud83d\udcc5S\u00e1bado 28 de Junio &#8211; \u23f014h00 &#8211; \ud83d\udccdJump Around Studios, Guayaquil.<\/li>\n \t<li><strong>Regi\u00f3n Sierra:<\/strong> \ud83d\udcc5Domingo 29 de Junio &#8211; \u23f011h30 &#8211; \ud83d\udccdGimnasio Club Deportivo Wolf, Quito.<\/li><BR>\n<strong>PROCESO DE INSCRIPCI\u00d3N<\/strong><BR>\nPara audicionar, es <strong>obligatorio<\/strong> completar el formulario en l\u00ednea disponible a continuaci\u00f3n. Aseg\u00farate de <strong>revisar<\/strong> detenidamente el informativo antes de enviar tu postulaci\u00f3n.\t\t\t\t\t\t<\/div>\n\t\t\t\t<\/div>\n\t\t\t\t<div class=\"elementor-element elementor-element-bc0c167 elementor-button-info elementor-widget elementor-widget-button\" data-id=\"bc0c167\" data-element_type=\"widget\" data-widget_type=\"button.default\">\n\t\t\t\t<div class=\"elementor-widget-container\">\n\t\t\t\t\t<div class=\"elementor-button-wrapper\">\n\t\t\t<a class=\"elementor-button elementor-button-link elementor-size-sm\" href=\"https:\/\/fecucheer.com\/wp-content\/uploads\/2025\/05\/Instructivo-Audiciones-2026.pdf\">\n\t\t\t\t\t\t<span class=\"elementor-button-content-wrapper\">\n\t\t\t\t\t\t\t\t\t<span class=\"elementor-button-text\">INFORMATIVO AUDICI\u00d3N TEAM ECUADOR 2026<\/span>\n\t\t\t\t\t<\/span>\n\t\t\t\t\t<\/a>\n\t\t<\/div>\n\t\t\t\t<\/div>\n\t\t\t\t<\/div>\n\t\t\t\t<div class=\"elementor-element elementor-element-df44091 elementor-button-danger elementor-widget elementor-widget-button\" data-id=\"df44091\" data-element_type=\"widget\" data-widget_type=\"button.default\">\n\t\t\t\t<div class=\"elementor-widget-container\">\n\t\t\t\t\t<div class=\"elementor-button-wrapper\">\n\t\t\t<a class=\"elementor-button elementor-button-link elementor-size-sm\" href=\"https:\/\/fecucheer.com\/index.php\/formulario-audicion\/\">\n\t\t\t\t\t\t<span class=\"elementor-button-content-wrapper\">\n\t\t\t\t\t\t\t\t\t<span class=\"elementor-button-text\">FORMULARIO AUDICI\u00d3N TEAM ECUADOR 2026<\/span>\n\t\t\t\t\t<\/span>\n\t\t\t\t\t<\/a>\n\t\t<\/div>\n\t\t\t\t<\/div>\n\t\t\t\t<\/div>\n\t\t\t\t<div class=\"elementor-element elementor-element-2b9fc69 elementor-widget elementor-widget-text-editor\" data-id=\"2b9fc69\" data-element_type=\"widget\" data-widget_type=\"text-editor.default\">\n\t\t\t\t<div class=\"elementor-widget-container\">\n\t\t\t\t\t\t\tPrep\u00e1rate para vivir una experiencia \u00fanica representando al Ecuador en el <strong>Mundial de Cheerleading 2026<\/strong> en Orlando, Florida.<BR>\n\n<strong>ECUADOR &#8211; E\u00a0 C\u00a0 UUU!!<\/strong>\t\t\t\t\t\t<\/div>\n\t\t\t\t<\/div>\n\t\t\t\t<\/div>\n\t\t\t\t<\/div>\n\t\t","protected":false},"excerpt":{"rendered":"<p>\u00bfTienes lo necesario para ser parte de TEAM ECUADOR CHEERLEADING 2026? La Federaci\u00f3n Ecuatoriana de Cheerleading abre oficialmente el proceso de audici\u00f3n para conformar la nueva Selecci\u00f3n Nacional &#8211; Team Ecuador Cheerleading 2026. Si deseas aplicar, aseg\u00farate de cumplir con los siguientes requisitos indispensables: Leer el Informativo Oficial de audiciones Completar el Formulario Oficial de [&hellip;]<\/p>\n","protected":false},"author":1,"featured_media":0,"parent":0,"menu_order":0,"comment_status":"closed","ping_status":"closed","template":"","meta":{"footnotes":""},"class_list":["post-616","page","type-page","status-publish","hentry"],"blocksy_meta":[],"_links":{"self":[{"href":"https:\/\/fecucheer.com\/index.php\/wp-json\/wp\/v2\/pages\/616","targetHints":{"allow":["GET"]}}],"collection":[{"href":"https:\/\/fecucheer.com\/index.php\/wp-json\/wp\/v2\/pages"}],"about":[{"href":"https:\/\/fecucheer.com\/index.php\/wp-json\/wp\/v2\/types\/page"}],"author":[{"embeddable":true,"href":"https:\/\/fecucheer.com\/index.php\/wp-json\/wp\/v2\/users\/1"}],"replies":[{"embeddable":true,"href":"https:\/\/fecucheer.com\/index.php\/wp-json\/wp\/v2\/comments?post=616"}],"version-history":[{"count":22,"href":"https:\/\/fecucheer.com\/index.php\/wp-json\/wp\/v2\/pages\/616\/revisions"}],"predecessor-version":[{"id":654,"href":"https:\/\/fecucheer.com\/index.php\/wp-json\/wp\/v2\/pages\/616\/revisions\/654"}],"wp:attachment":[{"href":"https:\/\/fecucheer.com\/index.php\/wp-json\/wp\/v2\/media?parent=616"}],"curies":[{"name":"wp","href":"https:\/\/api.w.org\/{rel}","templated":true}]}}