{"id":819,"date":"2025-07-08T17:41:39","date_gmt":"2025-07-08T22:41:39","guid":{"rendered":"https:\/\/fecucheer.com\/?page_id=819"},"modified":"2025-07-08T17:42:21","modified_gmt":"2025-07-08T22:42:21","slug":"jueces-federados","status":"publish","type":"page","link":"https:\/\/fecucheer.com\/index.php\/jueces-federados\/","title":{"rendered":"JUECES FEDERADOS"},"content":{"rendered":"\t\t<div data-elementor-type=\"wp-page\" data-elementor-id=\"819\" class=\"elementor elementor-819\" data-elementor-post-type=\"page\">\n\t\t\t\t<div class=\"elementor-element elementor-element-4fdd4f0 e-con-full e-flex e-con e-parent\" data-id=\"4fdd4f0\" data-element_type=\"container\">\n\t\t\t\t<div class=\"elementor-element elementor-element-4084aca elementor-widget elementor-widget-image\" data-id=\"4084aca\" data-element_type=\"widget\" data-widget_type=\"image.default\">\n\t\t\t\t<div class=\"elementor-widget-container\">\n\t\t\t<style>\/*! elementor - v3.22.0 - 26-06-2024 *\/\n.elementor-widget-image{text-align:center}.elementor-widget-image a{display:inline-block}.elementor-widget-image a img[src$=\".svg\"]{width:48px}.elementor-widget-image img{vertical-align:middle;display:inline-block}<\/style>\t\t\t\t\t\t\t\t\t\t<img fetchpriority=\"high\" decoding=\"async\" width=\"1355\" height=\"460\" src=\"https:\/\/fecucheer.com\/wp-content\/uploads\/2025\/07\/JUECES-FEDERADOS.png\" class=\"attachment-full size-full wp-image-822\" alt=\"\" srcset=\"https:\/\/fecucheer.com\/wp-content\/uploads\/2025\/07\/JUECES-FEDERADOS.png 1355w, https:\/\/fecucheer.com\/wp-content\/uploads\/2025\/07\/JUECES-FEDERADOS-300x102.png 300w, https:\/\/fecucheer.com\/wp-content\/uploads\/2025\/07\/JUECES-FEDERADOS-1024x348.png 1024w, https:\/\/fecucheer.com\/wp-content\/uploads\/2025\/07\/JUECES-FEDERADOS-768x261.png 768w\" sizes=\"(max-width: 1355px) 100vw, 1355px\" \/>\t\t\t\t\t\t\t\t\t\t\t\t\t<\/div>\n\t\t\t\t<\/div>\n\t\t\t\t<\/div>\n\t\t<div class=\"elementor-element elementor-element-79311c7 e-con-full e-flex e-con e-parent\" data-id=\"79311c7\" data-element_type=\"container\">\n\t\t\t\t<div class=\"elementor-element elementor-element-1d87d67 elementor-widget__width-inherit elementor-widget elementor-widget-text-editor\" data-id=\"1d87d67\" data-element_type=\"widget\" data-widget_type=\"text-editor.default\">\n\t\t\t\t<div class=\"elementor-widget-container\">\n\t\t\t<style>\/*! elementor - v3.22.0 - 26-06-2024 *\/\n.elementor-widget-text-editor.elementor-drop-cap-view-stacked .elementor-drop-cap{background-color:#69727d;color:#fff}.elementor-widget-text-editor.elementor-drop-cap-view-framed .elementor-drop-cap{color:#69727d;border:3px solid;background-color:transparent}.elementor-widget-text-editor:not(.elementor-drop-cap-view-default) .elementor-drop-cap{margin-top:8px}.elementor-widget-text-editor:not(.elementor-drop-cap-view-default) .elementor-drop-cap-letter{width:1em;height:1em}.elementor-widget-text-editor .elementor-drop-cap{float:left;text-align:center;line-height:1;font-size:50px}.elementor-widget-text-editor .elementor-drop-cap-letter{display:inline-block}<\/style>\t\t\t\t<h4><strong>JUECES NACIONALES FEDERADOS\u00a0<\/strong><\/h4><p><span style=\"color: #222222; font-family: verdana, sans-serif; font-size: small;\">Les extendemos una invitaci\u00f3n que marca un antes y un despu\u00e9s en la historia del cheerleading en nuestro pa\u00eds. La\u00a0<\/span><b style=\"color: #222222; font-family: verdana, sans-serif; font-size: small;\">Federaci\u00f3n Ecuatoriana de Cheerleading<\/b><span style=\"color: #222222; font-family: verdana, sans-serif; font-size: small;\">\u00a0convoca a entrenadores, atletas y apasionados del deporte a formar parte de la\u00a0<\/span><b style=\"color: #222222; font-family: verdana, sans-serif; font-size: small;\">primera generaci\u00f3n de Jueces Nacionales Federados<\/b><span style=\"color: #222222; font-family: verdana, sans-serif; font-size: small;\">\u00a0de Ecuador.<\/span><\/p><p><strong>DETALLES GENERALES<\/strong><\/p><ul><li><strong>Fecha:<\/strong> 26 al 30 de Agosto<\/li><li><strong>Itinerario Tentativo:<\/strong> Miercoles a Viernes de 19h30 a 21h30 &#8211; Online\/ Sabado 15h00 a 18h30 &#8211; Presencial<\/li><li><strong>Fecha l\u00edmite de Registro:<\/strong> 10 de agosto 2025<\/li><li><strong>Fecha l\u00edmite de Pago:<\/strong> 20 de agosto 2025<\/li><\/ul>\t\t\t\t\t\t<\/div>\n\t\t\t\t<\/div>\n\t\t\t\t<div class=\"elementor-element elementor-element-bc0c167 elementor-button-info elementor-widget elementor-widget-button\" data-id=\"bc0c167\" data-element_type=\"widget\" data-widget_type=\"button.default\">\n\t\t\t\t<div class=\"elementor-widget-container\">\n\t\t\t\t\t<div class=\"elementor-button-wrapper\">\n\t\t\t<a class=\"elementor-button elementor-button-link elementor-size-sm\" href=\"https:\/\/fecucheer.com\/wp-content\/uploads\/2025\/07\/FECU-JUECES-FEDERADOS-2025-min.pdf\">\n\t\t\t\t\t\t<span class=\"elementor-button-content-wrapper\">\n\t\t\t\t\t\t\t\t\t<span class=\"elementor-button-text\">INFORMATIVO JUECES NACIONALES FEDERADOS<\/span>\n\t\t\t\t\t<\/span>\n\t\t\t\t\t<\/a>\n\t\t<\/div>\n\t\t\t\t<\/div>\n\t\t\t\t<\/div>\n\t\t\t\t<div class=\"elementor-element elementor-element-54e1ae4 elementor-button-info elementor-widget elementor-widget-button\" data-id=\"54e1ae4\" data-element_type=\"widget\" data-widget_type=\"button.default\">\n\t\t\t\t<div class=\"elementor-widget-container\">\n\t\t\t\t\t<div class=\"elementor-button-wrapper\">\n\t\t\t<a class=\"elementor-button elementor-button-link elementor-size-sm\" href=\"https:\/\/fecucheer.com\/index.php\/formulario-jueces-federados\/\">\n\t\t\t\t\t\t<span class=\"elementor-button-content-wrapper\">\n\t\t\t\t\t\t\t\t\t<span class=\"elementor-button-text\">FORMULARIO DE REGISTRO<\/span>\n\t\t\t\t\t<\/span>\n\t\t\t\t\t<\/a>\n\t\t<\/div>\n\t\t\t\t<\/div>\n\t\t\t\t<\/div>\n\t\t\t\t<div class=\"elementor-element elementor-element-46e8721 elementor-button-warning elementor-widget elementor-widget-button\" data-id=\"46e8721\" data-element_type=\"widget\" data-widget_type=\"button.default\">\n\t\t\t\t<div class=\"elementor-widget-container\">\n\t\t\t\t\t<div class=\"elementor-button-wrapper\">\n\t\t\t<a class=\"elementor-button elementor-button-link elementor-size-sm\" href=\"https:\/\/theadventurebrands.com\/reglas-uca-ecuador\/\">\n\t\t\t\t\t\t<span class=\"elementor-button-content-wrapper\">\n\t\t\t\t\t\t\t\t\t<span class=\"elementor-button-text\">REGLAMENTOS<\/span>\n\t\t\t\t\t<\/span>\n\t\t\t\t\t<\/a>\n\t\t<\/div>\n\t\t\t\t<\/div>\n\t\t\t\t<\/div>\n\t\t\t\t<\/div>\n\t\t\t\t<\/div>\n\t\t","protected":false},"excerpt":{"rendered":"<p>JUECES NACIONALES FEDERADOS\u00a0 Les extendemos una invitaci\u00f3n que marca un antes y un despu\u00e9s en la historia del cheerleading en nuestro pa\u00eds. La\u00a0Federaci\u00f3n Ecuatoriana de Cheerleading\u00a0convoca a entrenadores, atletas y apasionados del deporte a formar parte de la\u00a0primera generaci\u00f3n de Jueces Nacionales Federados\u00a0de Ecuador. DETALLES GENERALES Fecha: 26 al 30 de Agosto Itinerario Tentativo: Miercoles [&hellip;]<\/p>\n","protected":false},"author":1,"featured_media":0,"parent":0,"menu_order":0,"comment_status":"closed","ping_status":"closed","template":"","meta":{"footnotes":""},"class_list":["post-819","page","type-page","status-publish","hentry"],"blocksy_meta":[],"_links":{"self":[{"href":"https:\/\/fecucheer.com\/index.php\/wp-json\/wp\/v2\/pages\/819","targetHints":{"allow":["GET"]}}],"collection":[{"href":"https:\/\/fecucheer.com\/index.php\/wp-json\/wp\/v2\/pages"}],"about":[{"href":"https:\/\/fecucheer.com\/index.php\/wp-json\/wp\/v2\/types\/page"}],"author":[{"embeddable":true,"href":"https:\/\/fecucheer.com\/index.php\/wp-json\/wp\/v2\/users\/1"}],"replies":[{"embeddable":true,"href":"https:\/\/fecucheer.com\/index.php\/wp-json\/wp\/v2\/comments?post=819"}],"version-history":[{"count":4,"href":"https:\/\/fecucheer.com\/index.php\/wp-json\/wp\/v2\/pages\/819\/revisions"}],"predecessor-version":[{"id":825,"href":"https:\/\/fecucheer.com\/index.php\/wp-json\/wp\/v2\/pages\/819\/revisions\/825"}],"wp:attachment":[{"href":"https:\/\/fecucheer.com\/index.php\/wp-json\/wp\/v2\/media?parent=819"}],"curies":[{"name":"wp","href":"https:\/\/api.w.org\/{rel}","templated":true}]}}