{"id":837,"date":"2025-08-22T18:40:21","date_gmt":"2025-08-22T23:40:21","guid":{"rendered":"https:\/\/fecucheer.com\/?page_id=837"},"modified":"2025-09-05T17:43:05","modified_gmt":"2025-09-05T22:43:05","slug":"afiliacion-de-clubes","status":"publish","type":"page","link":"https:\/\/fecucheer.com\/index.php\/afiliacion-de-clubes\/","title":{"rendered":"AFILIACI\u00d3N DE CLUBES"},"content":{"rendered":"\t\t<div data-elementor-type=\"wp-page\" data-elementor-id=\"837\" class=\"elementor elementor-837\" data-elementor-post-type=\"page\">\n\t\t\t\t<div class=\"elementor-element elementor-element-4fdd4f0 e-con-full e-flex e-con e-parent\" data-id=\"4fdd4f0\" data-element_type=\"container\">\n\t\t\t\t<div class=\"elementor-element elementor-element-4084aca elementor-widget elementor-widget-image\" data-id=\"4084aca\" data-element_type=\"widget\" data-widget_type=\"image.default\">\n\t\t\t\t<div class=\"elementor-widget-container\">\n\t\t\t<style>\/*! elementor - v3.22.0 - 26-06-2024 *\/\n.elementor-widget-image{text-align:center}.elementor-widget-image a{display:inline-block}.elementor-widget-image a img[src$=\".svg\"]{width:48px}.elementor-widget-image img{vertical-align:middle;display:inline-block}<\/style>\t\t\t\t\t\t\t\t\t\t<img decoding=\"async\" width=\"150\" height=\"150\" src=\"https:\/\/fecucheer.com\/wp-content\/uploads\/2024\/07\/FECU-CIRCULAR-SIN-FONDO-150x150.png\" class=\"attachment-thumbnail size-thumbnail wp-image-381\" alt=\"\" \/>\t\t\t\t\t\t\t\t\t\t\t\t\t<\/div>\n\t\t\t\t<\/div>\n\t\t\t\t<\/div>\n\t\t<div class=\"elementor-element elementor-element-79311c7 e-con-full e-flex e-con e-parent\" data-id=\"79311c7\" data-element_type=\"container\">\n\t\t\t\t<div class=\"elementor-element elementor-element-1d87d67 elementor-widget__width-inherit elementor-widget elementor-widget-text-editor\" data-id=\"1d87d67\" data-element_type=\"widget\" data-widget_type=\"text-editor.default\">\n\t\t\t\t<div class=\"elementor-widget-container\">\n\t\t\t<style>\/*! elementor - v3.22.0 - 26-06-2024 *\/\n.elementor-widget-text-editor.elementor-drop-cap-view-stacked .elementor-drop-cap{background-color:#69727d;color:#fff}.elementor-widget-text-editor.elementor-drop-cap-view-framed .elementor-drop-cap{color:#69727d;border:3px solid;background-color:transparent}.elementor-widget-text-editor:not(.elementor-drop-cap-view-default) .elementor-drop-cap{margin-top:8px}.elementor-widget-text-editor:not(.elementor-drop-cap-view-default) .elementor-drop-cap-letter{width:1em;height:1em}.elementor-widget-text-editor .elementor-drop-cap{float:left;text-align:center;line-height:1;font-size:50px}.elementor-widget-text-editor .elementor-drop-cap-letter{display:inline-block}<\/style>\t\t\t\t<h4>AFILIACI\u00d3N<strong> DE CLUBES A LA FEDERACI\u00d3N ECUATORIANA DE CHEERLEADING<\/strong><\/h4><p><span style=\"font-variant-ligatures: inherit; font-variant-caps: inherit; color: #222222; font-family: verdana, sans-serif; font-size: small;\">Bienvenido al espacio dedicado a la\u00a0<\/span><strong style=\"font-variant-ligatures: inherit; font-variant-caps: inherit; color: #222222; font-family: verdana, sans-serif; font-size: small;\">afiliaci\u00f3n de clubes<\/strong><span style=\"font-variant-ligatures: inherit; font-variant-caps: inherit; color: #222222; font-family: verdana, sans-serif; font-size: small;\">\u00a0en la Federaci\u00f3n Ecuatoriana de Cheerleading. Aqu\u00ed encontrar\u00e1s toda la informaci\u00f3n necesaria para que tu club forme parte\u00a0<\/span><span style=\"color: #222222; font-family: verdana, sans-serif; font-size: small; font-variant-ligatures: inherit; font-variant-caps: inherit;\">oficialmente de nuestra organizaci\u00f3n y pueda acceder a los beneficios de pertenecer al sistema nacional de cheerleading en Ecuador.<\/span><\/p><p><strong><span style=\"color: #222222; font-family: verdana, sans-serif; font-size: small; font-variant-ligatures: inherit; font-variant-caps: inherit;\">Ser parte de la Federaci\u00f3n Ecuatoriana de Cheerleading significa integrarse a la comunidad oficial del cheerleading en el pa\u00eds.<\/span><\/strong><\/p><p><span style=\"color: #222222; font-family: verdana, sans-serif; font-size: small; font-variant-ligatures: inherit; font-variant-caps: inherit;\">Revisa toda la informaci\u00f3n que encontrar\u00e1s a continuaci\u00f3n y \u00fanete a la Federaci\u00f3n Ecuatoriana de Cheerleading. S\u00e9 parte del crecimiento y fortalecimiento del cheerleading competitivo en Ecuador. <strong>\u00a1Tu club y tus atletas se lo merecen!<\/strong><\/span><\/p>\t\t\t\t\t\t<\/div>\n\t\t\t\t<\/div>\n\t\t\t\t<\/div>\n\t\t<div class=\"elementor-element elementor-element-b6266cf e-flex e-con-boxed e-con e-parent\" data-id=\"b6266cf\" data-element_type=\"container\">\n\t\t\t\t\t<div class=\"e-con-inner\">\n\t\t<div class=\"elementor-element elementor-element-5858d97 e-con-full e-flex e-con e-child\" data-id=\"5858d97\" data-element_type=\"container\">\n\t\t\t\t<div class=\"elementor-element elementor-element-d6fe7a7 elementor-align-justify elementor-widget elementor-widget-button\" data-id=\"d6fe7a7\" data-element_type=\"widget\" data-widget_type=\"button.default\">\n\t\t\t\t<div class=\"elementor-widget-container\">\n\t\t\t\t\t<div class=\"elementor-button-wrapper\">\n\t\t\t<a class=\"elementor-button elementor-button-link elementor-size-sm\" href=\"https:\/\/fecucheer.com\/wp-content\/uploads\/2025\/08\/20250711-Reglamento-de-Afiliacion-de-Federacion-Ecuatoriana-de-Cheerleading.pdf\" target=\"_blank\">\n\t\t\t\t\t\t<span class=\"elementor-button-content-wrapper\">\n\t\t\t\t\t\t\t\t\t<span class=\"elementor-button-text\">REGLAMENTO DE AFILIACI\u00d3N<\/span>\n\t\t\t\t\t<\/span>\n\t\t\t\t\t<\/a>\n\t\t<\/div>\n\t\t\t\t<\/div>\n\t\t\t\t<\/div>\n\t\t\t\t<\/div>\n\t\t<div class=\"elementor-element elementor-element-9789f39 e-con-full e-flex e-con e-child\" data-id=\"9789f39\" data-element_type=\"container\">\n\t\t\t\t<div class=\"elementor-element elementor-element-b1d190e elementor-button-warning elementor-align-justify elementor-widget elementor-widget-button\" data-id=\"b1d190e\" data-element_type=\"widget\" data-widget_type=\"button.default\">\n\t\t\t\t<div class=\"elementor-widget-container\">\n\t\t\t\t\t<div class=\"elementor-button-wrapper\">\n\t\t\t<a class=\"elementor-button elementor-button-link elementor-size-sm\" href=\"https:\/\/fecucheer.com\/wp-content\/uploads\/2025\/09\/INFOGRAFIA-AFILIACION_.pdf\" target=\"_blank\">\n\t\t\t\t\t\t<span class=\"elementor-button-content-wrapper\">\n\t\t\t\t\t\t\t\t\t<span class=\"elementor-button-text\">INFOGRAF\u00cdA AFILIACI\u00d3N<\/span>\n\t\t\t\t\t<\/span>\n\t\t\t\t\t<\/a>\n\t\t<\/div>\n\t\t\t\t<\/div>\n\t\t\t\t<\/div>\n\t\t\t\t<\/div>\n\t\t<div class=\"elementor-element elementor-element-1285795 e-con-full e-flex e-con e-child\" data-id=\"1285795\" data-element_type=\"container\">\n\t\t\t\t<div class=\"elementor-element elementor-element-d6b30ed elementor-button-warning elementor-align-justify elementor-widget elementor-widget-button\" data-id=\"d6b30ed\" data-element_type=\"widget\" data-widget_type=\"button.default\">\n\t\t\t\t<div class=\"elementor-widget-container\">\n\t\t\t\t\t<div class=\"elementor-button-wrapper\">\n\t\t\t<a class=\"elementor-button elementor-button-link elementor-size-sm\" href=\"https:\/\/fecucheer.com\/wp-content\/uploads\/2025\/09\/VALORES-AFILIACION.pdf\" target=\"_blank\">\n\t\t\t\t\t\t<span class=\"elementor-button-content-wrapper\">\n\t\t\t\t\t\t\t\t\t<span class=\"elementor-button-text\">VALORES DE AFILIACI\u00d3N Y ACREDITACI\u00d3N<\/span>\n\t\t\t\t\t<\/span>\n\t\t\t\t\t<\/a>\n\t\t<\/div>\n\t\t\t\t<\/div>\n\t\t\t\t<\/div>\n\t\t\t\t<\/div>\n\t\t<div class=\"elementor-element elementor-element-11c56d8 e-con-full e-flex e-con e-child\" data-id=\"11c56d8\" data-element_type=\"container\">\n\t\t\t\t<\/div>\n\t\t<div class=\"elementor-element elementor-element-b544803 e-con-full e-flex e-con e-child\" data-id=\"b544803\" data-element_type=\"container\">\n\t\t\t\t<div class=\"elementor-element elementor-element-7ebfaa8 elementor-button-info elementor-align-justify elementor-widget elementor-widget-button\" data-id=\"7ebfaa8\" data-element_type=\"widget\" data-widget_type=\"button.default\">\n\t\t\t\t<div class=\"elementor-widget-container\">\n\t\t\t\t\t<div class=\"elementor-button-wrapper\">\n\t\t\t<a class=\"elementor-button elementor-button-link elementor-size-sm\" href=\"https:\/\/fecucheer.com\/index.php\/formulario-solicitud-afiliacion-de-clubes\/\" target=\"_blank\">\n\t\t\t\t\t\t<span class=\"elementor-button-content-wrapper\">\n\t\t\t\t\t\t\t\t\t<span class=\"elementor-button-text\">FORMULARIO DE AFILIACI\u00d3N DE CLUBES<\/span>\n\t\t\t\t\t<\/span>\n\t\t\t\t\t<\/a>\n\t\t<\/div>\n\t\t\t\t<\/div>\n\t\t\t\t<\/div>\n\t\t\t\t<\/div>\n\t\t<div class=\"elementor-element elementor-element-5989125 e-con-full e-flex e-con e-child\" data-id=\"5989125\" data-element_type=\"container\">\n\t\t\t\t<div class=\"elementor-element elementor-element-8e56a36 elementor-align-justify elementor-widget elementor-widget-button\" data-id=\"8e56a36\" data-element_type=\"widget\" data-widget_type=\"button.default\">\n\t\t\t\t<div class=\"elementor-widget-container\">\n\t\t\t\t\t<div class=\"elementor-button-wrapper\">\n\t\t\t<a class=\"elementor-button elementor-button-link elementor-size-sm\" href=\"https:\/\/fecucheer.com\/index.php\/formulario-solicitud-acreditacion\/\" target=\"_blank\">\n\t\t\t\t\t\t<span class=\"elementor-button-content-wrapper\">\n\t\t\t\t\t\t\t\t\t<span class=\"elementor-button-text\">FORMULARIO DE ACREDITACI\u00d3N<\/span>\n\t\t\t\t\t<\/span>\n\t\t\t\t\t<\/a>\n\t\t<\/div>\n\t\t\t\t<\/div>\n\t\t\t\t<\/div>\n\t\t\t\t<\/div>\n\t\t<div class=\"elementor-element elementor-element-97f9588 e-con-full e-flex e-con e-child\" data-id=\"97f9588\" data-element_type=\"container\">\n\t\t\t\t<div class=\"elementor-element elementor-element-3a4406d elementor-align-justify elementor-widget elementor-widget-button\" data-id=\"3a4406d\" data-element_type=\"widget\" data-widget_type=\"button.default\">\n\t\t\t\t<div class=\"elementor-widget-container\">\n\t\t\t\t\t<div class=\"elementor-button-wrapper\">\n\t\t\t<a class=\"elementor-button elementor-button-link elementor-size-sm\" href=\"https:\/\/fecucheer.com\/index.php\/formulario-solicitud-prestamo-de-atletas\/\" target=\"_blank\">\n\t\t\t\t\t\t<span class=\"elementor-button-content-wrapper\">\n\t\t\t\t\t\t\t\t\t<span class=\"elementor-button-text\">FORMULARIO DE PR\u00c9STAMO TEMPORAL DE ATLETAS<\/span>\n\t\t\t\t\t<\/span>\n\t\t\t\t\t<\/a>\n\t\t<\/div>\n\t\t\t\t<\/div>\n\t\t\t\t<\/div>\n\t\t\t\t<\/div>\n\t\t\t\t\t<\/div>\n\t\t\t\t<\/div>\n\t\t<div class=\"elementor-element elementor-element-499c5e4 e-flex e-con-boxed e-con e-parent\" data-id=\"499c5e4\" data-element_type=\"container\">\n\t\t\t\t\t<div class=\"e-con-inner\">\n\t\t<div class=\"elementor-element elementor-element-92e6e88 e-con-full e-flex e-con e-child\" data-id=\"92e6e88\" data-element_type=\"container\">\n\t\t\t\t<div class=\"elementor-element elementor-element-5ad2650 elementor-align-justify elementor-widget elementor-widget-button\" data-id=\"5ad2650\" data-element_type=\"widget\" data-widget_type=\"button.default\">\n\t\t\t\t<div class=\"elementor-widget-container\">\n\t\t\t\t\t<div class=\"elementor-button-wrapper\">\n\t\t\t<a class=\"elementor-button elementor-button-link elementor-size-sm\" href=\"https:\/\/fecucheer.com\/wp-content\/uploads\/2025\/08\/AFILIACION_DECLARACION-DE-COMPROMISO-Y-RESPONSABILIDAD-DEL-CLUB-SOLICITANTE.pdf\" target=\"_blank\">\n\t\t\t\t\t\t<span class=\"elementor-button-content-wrapper\">\n\t\t\t\t\t\t\t\t\t<span class=\"elementor-button-text\">FORMATO OFICIAL - DECLARACI\u00d3N FORMAL PARA AFILIACI\u00d3N (Descarga el documento)<\/span>\n\t\t\t\t\t<\/span>\n\t\t\t\t\t<\/a>\n\t\t<\/div>\n\t\t\t\t<\/div>\n\t\t\t\t<\/div>\n\t\t\t\t<\/div>\n\t\t<div class=\"elementor-element elementor-element-d10be03 e-con-full e-flex e-con e-child\" data-id=\"d10be03\" data-element_type=\"container\">\n\t\t\t\t<div class=\"elementor-element elementor-element-3bd1b16 elementor-align-justify elementor-widget elementor-widget-button\" data-id=\"3bd1b16\" data-element_type=\"widget\" data-widget_type=\"button.default\">\n\t\t\t\t<div class=\"elementor-widget-container\">\n\t\t\t\t\t<div class=\"elementor-button-wrapper\">\n\t\t\t<a class=\"elementor-button elementor-button-link elementor-size-sm\" href=\"https:\/\/docs.google.com\/spreadsheets\/d\/1ajEXw-ZIc10DF6JTZA3Y5lC61aVAkauMMHDgwAdaGg4\/edit?usp=sharing\" target=\"_blank\">\n\t\t\t\t\t\t<span class=\"elementor-button-content-wrapper\">\n\t\t\t\t\t\t\t\t\t<span class=\"elementor-button-text\">FORMATO OFICIAL  -  LISTADO OFICIAL ACREDITACI\u00d3N DE ATLETAS (Crea una copia en tu Drive)<\/span>\n\t\t\t\t\t<\/span>\n\t\t\t\t\t<\/a>\n\t\t<\/div>\n\t\t\t\t<\/div>\n\t\t\t\t<\/div>\n\t\t\t\t<\/div>\n\t\t<div class=\"elementor-element elementor-element-cc29664 e-con-full e-flex e-con e-child\" data-id=\"cc29664\" data-element_type=\"container\">\n\t\t\t\t<div class=\"elementor-element elementor-element-4dc38b7 elementor-align-justify elementor-widget elementor-widget-button\" data-id=\"4dc38b7\" data-element_type=\"widget\" data-widget_type=\"button.default\">\n\t\t\t\t<div class=\"elementor-widget-container\">\n\t\t\t\t\t<div class=\"elementor-button-wrapper\">\n\t\t\t<a class=\"elementor-button elementor-button-link elementor-size-sm\" href=\"https:\/\/fecucheer.com\/wp-content\/uploads\/2025\/08\/CREDENCIAL_CONSENTIMIENTO-Y-DECLARACION-DE-RESPONSABILIDAD-DEL-ATLETA.pdf\" target=\"_blank\">\n\t\t\t\t\t\t<span class=\"elementor-button-content-wrapper\">\n\t\t\t\t\t\t\t\t\t<span class=\"elementor-button-text\">FORMATO OFICIAL - CONSENTIMIENTO INFORMADO ATLETAS (Descarga el documento)<\/span>\n\t\t\t\t\t<\/span>\n\t\t\t\t\t<\/a>\n\t\t<\/div>\n\t\t\t\t<\/div>\n\t\t\t\t<\/div>\n\t\t\t\t<\/div>\n\t\t<div class=\"elementor-element elementor-element-daf74eb e-con-full e-flex e-con e-child\" data-id=\"daf74eb\" data-element_type=\"container\">\n\t\t\t\t<div class=\"elementor-element elementor-element-e249b8e elementor-align-justify elementor-widget elementor-widget-button\" data-id=\"e249b8e\" data-element_type=\"widget\" data-widget_type=\"button.default\">\n\t\t\t\t<div class=\"elementor-widget-container\">\n\t\t\t\t\t<div class=\"elementor-button-wrapper\">\n\t\t\t<a class=\"elementor-button elementor-button-link elementor-size-sm\" href=\"https:\/\/fecucheer.com\/wp-content\/uploads\/2025\/08\/CARTA-DE-LIBERACION-DE-ATLETAS.pdf\" target=\"_blank\">\n\t\t\t\t\t\t<span class=\"elementor-button-content-wrapper\">\n\t\t\t\t\t\t\t\t\t<span class=\"elementor-button-text\">FORMATO OFICIAL - CARTA DE LIBERACI\u00d3N O CARTA PASE (Descarga el documento)<\/span>\n\t\t\t\t\t<\/span>\n\t\t\t\t\t<\/a>\n\t\t<\/div>\n\t\t\t\t<\/div>\n\t\t\t\t<\/div>\n\t\t\t\t<\/div>\n\t\t<div class=\"elementor-element elementor-element-39b9060 e-con-full e-flex e-con e-child\" data-id=\"39b9060\" data-element_type=\"container\">\n\t\t\t\t<div class=\"elementor-element elementor-element-b4546ed elementor-align-justify elementor-widget elementor-widget-button\" data-id=\"b4546ed\" data-element_type=\"widget\" data-widget_type=\"button.default\">\n\t\t\t\t<div class=\"elementor-widget-container\">\n\t\t\t\t\t<div class=\"elementor-button-wrapper\">\n\t\t\t<a class=\"elementor-button elementor-button-link elementor-size-sm\" href=\"https:\/\/fecucheer.com\/wp-content\/uploads\/2025\/08\/CARTA-DE-PRESTAMO-TEMPORAL-DE-ATLETAS.pdf\" target=\"_blank\">\n\t\t\t\t\t\t<span class=\"elementor-button-content-wrapper\">\n\t\t\t\t\t\t\t\t\t<span class=\"elementor-button-text\">FORMATO OFICIAL - CARTA PARA PR\u00c9STAMOS DE ATLETAS (Descarga el documento)<\/span>\n\t\t\t\t\t<\/span>\n\t\t\t\t\t<\/a>\n\t\t<\/div>\n\t\t\t\t<\/div>\n\t\t\t\t<\/div>\n\t\t\t\t<\/div>\n\t\t\t\t\t<\/div>\n\t\t\t\t<\/div>\n\t\t\t\t<\/div>\n\t\t","protected":false},"excerpt":{"rendered":"<p>AFILIACI\u00d3N DE CLUBES A LA FEDERACI\u00d3N ECUATORIANA DE CHEERLEADING Bienvenido al espacio dedicado a la\u00a0afiliaci\u00f3n de clubes\u00a0en la Federaci\u00f3n Ecuatoriana de Cheerleading. Aqu\u00ed encontrar\u00e1s toda la informaci\u00f3n necesaria para que tu club forme parte\u00a0oficialmente de nuestra organizaci\u00f3n y pueda acceder a los beneficios de pertenecer al sistema nacional de cheerleading en Ecuador. Ser parte de [&hellip;]<\/p>\n","protected":false},"author":1,"featured_media":0,"parent":0,"menu_order":0,"comment_status":"closed","ping_status":"closed","template":"","meta":{"footnotes":""},"class_list":["post-837","page","type-page","status-publish","hentry"],"blocksy_meta":[],"_links":{"self":[{"href":"https:\/\/fecucheer.com\/index.php\/wp-json\/wp\/v2\/pages\/837","targetHints":{"allow":["GET"]}}],"collection":[{"href":"https:\/\/fecucheer.com\/index.php\/wp-json\/wp\/v2\/pages"}],"about":[{"href":"https:\/\/fecucheer.com\/index.php\/wp-json\/wp\/v2\/types\/page"}],"author":[{"embeddable":true,"href":"https:\/\/fecucheer.com\/index.php\/wp-json\/wp\/v2\/users\/1"}],"replies":[{"embeddable":true,"href":"https:\/\/fecucheer.com\/index.php\/wp-json\/wp\/v2\/comments?post=837"}],"version-history":[{"count":79,"href":"https:\/\/fecucheer.com\/index.php\/wp-json\/wp\/v2\/pages\/837\/revisions"}],"predecessor-version":[{"id":1038,"href":"https:\/\/fecucheer.com\/index.php\/wp-json\/wp\/v2\/pages\/837\/revisions\/1038"}],"wp:attachment":[{"href":"https:\/\/fecucheer.com\/index.php\/wp-json\/wp\/v2\/media?parent=837"}],"curies":[{"name":"wp","href":"https:\/\/api.w.org\/{rel}","templated":true}]}}