{"id":914,"date":"2025-08-28T18:08:49","date_gmt":"2025-08-28T23:08:49","guid":{"rendered":"https:\/\/fecucheer.com\/?page_id=914"},"modified":"2025-09-04T18:31:05","modified_gmt":"2025-09-04T23:31:05","slug":"copa-americana-del-deporte","status":"publish","type":"page","link":"https:\/\/fecucheer.com\/index.php\/copa-americana-del-deporte\/","title":{"rendered":"COPA AMERICANA DEL DEPORTE"},"content":{"rendered":"\t\t<div data-elementor-type=\"wp-page\" data-elementor-id=\"914\" class=\"elementor elementor-914\" data-elementor-post-type=\"page\">\n\t\t\t\t<div class=\"elementor-element elementor-element-4fdd4f0 e-con-full e-flex e-con e-parent\" data-id=\"4fdd4f0\" data-element_type=\"container\">\n\t\t\t\t<div class=\"elementor-element elementor-element-4084aca elementor-widget elementor-widget-image\" data-id=\"4084aca\" data-element_type=\"widget\" data-widget_type=\"image.default\">\n\t\t\t\t<div class=\"elementor-widget-container\">\n\t\t\t<style>\/*! elementor - v3.22.0 - 26-06-2024 *\/\n.elementor-widget-image{text-align:center}.elementor-widget-image a{display:inline-block}.elementor-widget-image a img[src$=\".svg\"]{width:48px}.elementor-widget-image img{vertical-align:middle;display:inline-block}<\/style>\t\t\t\t\t\t\t\t\t\t<img fetchpriority=\"high\" decoding=\"async\" width=\"1355\" height=\"460\" src=\"https:\/\/fecucheer.com\/wp-content\/uploads\/2025\/08\/web-copa-americana-web.jpg\" class=\"attachment-full size-full wp-image-916\" alt=\"\" srcset=\"https:\/\/fecucheer.com\/wp-content\/uploads\/2025\/08\/web-copa-americana-web.jpg 1355w, https:\/\/fecucheer.com\/wp-content\/uploads\/2025\/08\/web-copa-americana-web-300x102.jpg 300w, https:\/\/fecucheer.com\/wp-content\/uploads\/2025\/08\/web-copa-americana-web-1024x348.jpg 1024w, https:\/\/fecucheer.com\/wp-content\/uploads\/2025\/08\/web-copa-americana-web-768x261.jpg 768w\" sizes=\"(max-width: 1355px) 100vw, 1355px\" \/>\t\t\t\t\t\t\t\t\t\t\t\t\t<\/div>\n\t\t\t\t<\/div>\n\t\t\t\t<\/div>\n\t\t<div class=\"elementor-element elementor-element-79311c7 e-con-full e-flex e-con e-parent\" data-id=\"79311c7\" data-element_type=\"container\">\n\t\t\t\t<div class=\"elementor-element elementor-element-1d87d67 elementor-widget__width-inherit elementor-widget elementor-widget-text-editor\" data-id=\"1d87d67\" data-element_type=\"widget\" data-widget_type=\"text-editor.default\">\n\t\t\t\t<div class=\"elementor-widget-container\">\n\t\t\t<style>\/*! elementor - v3.22.0 - 26-06-2024 *\/\n.elementor-widget-text-editor.elementor-drop-cap-view-stacked .elementor-drop-cap{background-color:#69727d;color:#fff}.elementor-widget-text-editor.elementor-drop-cap-view-framed .elementor-drop-cap{color:#69727d;border:3px solid;background-color:transparent}.elementor-widget-text-editor:not(.elementor-drop-cap-view-default) .elementor-drop-cap{margin-top:8px}.elementor-widget-text-editor:not(.elementor-drop-cap-view-default) .elementor-drop-cap-letter{width:1em;height:1em}.elementor-widget-text-editor .elementor-drop-cap{float:left;text-align:center;line-height:1;font-size:50px}.elementor-widget-text-editor .elementor-drop-cap-letter{display:inline-block}<\/style>\t\t\t\t<h4><strong>COPA AMERICANA DEL DEPORTE\u00a0\u00a0<\/strong><\/h4><p>Nos complace anunciar la primera edici\u00f3n oficial de la Copa Americana del Deporte, con su Copa de Cheerleading, un evento hist\u00f3rico para todos los equipos del pa\u00eds organizado por la Alcaldia de Guayaquil en conjunto con la Federaci\u00f3n Ecuatoriana de Cheerleading.\u00a0<\/p><p>Un evento para celebrar el talento Nacional, impulsar el desarrollo del deporte y brindar un evento gratuito de alta calidad para nuestros deportistas.<\/p><p>Prep\u00e1rense para hacer historia con tu equipo! La Copa Americana del Deporte, es m\u00e1s que una competencia, es el inicio de una nueva era para nuestro deporte<\/p><p><strong>DETALLES GENERALES<\/strong><\/p><ul><li><strong>Fecha:<\/strong> Domingo 26 de Octubre<\/li><li><strong>Lugar:<\/strong>\u00a0Centro de Convenciones de Guayaquil\u00a0<\/li><li><b>Costo:<\/b> INSCRIPCION GRATIS<\/li><li><strong>Fecha l\u00edmite de Registro:<\/strong> 6 de Octubre 2025<\/li><li>Para mayor informaci\u00f3n en las reglas y sistema de calificaci\u00f3n ingresa en :\u00a0<span style=\"--bdt-inverse: initial; font-weight: bold; color: #000000; font-family: Raleway, sans-serif; font-size: 15px;\"><a style=\"--bdt-inverse: initial; background-color: transparent; color: #ff8700; transition: 0.2s linear;\" href=\"https:\/\/theadventurebrands.com\/reglas-uca-ecuador\/\">https:\/\/theadventurebrands.com\/reglas-uca-ecuador\/<\/a><\/span><\/li><\/ul>\t\t\t\t\t\t<\/div>\n\t\t\t\t<\/div>\n\t\t\t\t<div class=\"elementor-element elementor-element-bc0c167 elementor-button-info elementor-widget__width-initial elementor-widget elementor-widget-button\" data-id=\"bc0c167\" data-element_type=\"widget\" data-widget_type=\"button.default\">\n\t\t\t\t<div class=\"elementor-widget-container\">\n\t\t\t\t\t<div class=\"elementor-button-wrapper\">\n\t\t\t<a class=\"elementor-button elementor-button-link elementor-size-sm\" href=\"https:\/\/fecucheer.com\/wp-content\/uploads\/2025\/09\/COPA-AMERICANA-2025-INFO-min-1.pdf\" target=\"_blank\">\n\t\t\t\t\t\t<span class=\"elementor-button-content-wrapper\">\n\t\t\t\t\t\t\t\t\t<span class=\"elementor-button-text\">INFORMATIVO COPA AMERICANA DEL DEPORTE<\/span>\n\t\t\t\t\t<\/span>\n\t\t\t\t\t<\/a>\n\t\t<\/div>\n\t\t\t\t<\/div>\n\t\t\t\t<\/div>\n\t\t\t\t<div class=\"elementor-element elementor-element-54e1ae4 elementor-button-info elementor-align-left elementor-widget__width-initial elementor-widget elementor-widget-button\" data-id=\"54e1ae4\" data-element_type=\"widget\" data-widget_type=\"button.default\">\n\t\t\t\t<div class=\"elementor-widget-container\">\n\t\t\t\t\t<div class=\"elementor-button-wrapper\">\n\t\t\t<a class=\"elementor-button elementor-button-link elementor-size-sm\" href=\"https:\/\/fecucheer.com\/index.php\/formulario-copa-americana-del-deporte\/\" target=\"_blank\">\n\t\t\t\t\t\t<span class=\"elementor-button-content-wrapper\">\n\t\t\t\t\t\t\t\t\t<span class=\"elementor-button-text\">FORMULARIO DE REGISTRO             <\/span>\n\t\t\t\t\t<\/span>\n\t\t\t\t\t<\/a>\n\t\t<\/div>\n\t\t\t\t<\/div>\n\t\t\t\t<\/div>\n\t\t\t\t<div class=\"elementor-element elementor-element-46e8721 elementor-button-warning elementor-widget__width-initial elementor-widget elementor-widget-button\" data-id=\"46e8721\" data-element_type=\"widget\" data-widget_type=\"button.default\">\n\t\t\t\t<div class=\"elementor-widget-container\">\n\t\t\t\t\t<div class=\"elementor-button-wrapper\">\n\t\t\t<a class=\"elementor-button elementor-button-link elementor-size-sm\" href=\"https:\/\/fecucheer.com\/wp-content\/uploads\/2025\/08\/REGULACIONES-Y-DIVISIONES-COPA-AMERICANA-DEL-DEPORTE.pdf\" target=\"_blank\">\n\t\t\t\t\t\t<span class=\"elementor-button-content-wrapper\">\n\t\t\t\t\t\t\t\t\t<span class=\"elementor-button-text\">REGULACIONES COPA AMERICANA DEL DEPORTE<\/span>\n\t\t\t\t\t<\/span>\n\t\t\t\t\t<\/a>\n\t\t<\/div>\n\t\t\t\t<\/div>\n\t\t\t\t<\/div>\n\t\t\t\t<div class=\"elementor-element elementor-element-1c08d1e elementor-button-warning elementor-widget__width-initial elementor-widget elementor-widget-button\" data-id=\"1c08d1e\" data-element_type=\"widget\" data-widget_type=\"button.default\">\n\t\t\t\t<div class=\"elementor-widget-container\">\n\t\t\t\t\t<div class=\"elementor-button-wrapper\">\n\t\t\t<a class=\"elementor-button elementor-button-link elementor-size-sm\" href=\"https:\/\/fecucheer.com\/wp-content\/uploads\/2025\/08\/GENERALIDADES-COPA-AMERICANA-DEL-DEPORTE.pdf\" target=\"_blank\">\n\t\t\t\t\t\t<span class=\"elementor-button-content-wrapper\">\n\t\t\t\t\t\t\t\t\t<span class=\"elementor-button-text\">GENERALIDADES COPA AMERICANA DEL DEPORTE<\/span>\n\t\t\t\t\t<\/span>\n\t\t\t\t\t<\/a>\n\t\t<\/div>\n\t\t\t\t<\/div>\n\t\t\t\t<\/div>\n\t\t\t\t<div class=\"elementor-element elementor-element-a020b76 elementor-button-warning elementor-widget__width-initial elementor-widget elementor-widget-button\" data-id=\"a020b76\" data-element_type=\"widget\" data-widget_type=\"button.default\">\n\t\t\t\t<div class=\"elementor-widget-container\">\n\t\t\t\t\t<div class=\"elementor-button-wrapper\">\n\t\t\t<a class=\"elementor-button elementor-button-link elementor-size-sm\" href=\"https:\/\/fecucheer.com\/wp-content\/uploads\/2025\/09\/DIVISIONES-COPA-AMERICANA-25-min.pdf\" target=\"_blank\">\n\t\t\t\t\t\t<span class=\"elementor-button-content-wrapper\">\n\t\t\t\t\t\t\t\t\t<span class=\"elementor-button-text\">DIVISIONES COPA AMERICANA DEL DEPORTE<\/span>\n\t\t\t\t\t<\/span>\n\t\t\t\t\t<\/a>\n\t\t<\/div>\n\t\t\t\t<\/div>\n\t\t\t\t<\/div>\n\t\t\t\t<div class=\"elementor-element elementor-element-bb38c15 elementor-button-warning elementor-widget__width-initial elementor-widget elementor-widget-button\" data-id=\"bb38c15\" data-element_type=\"widget\" data-widget_type=\"button.default\">\n\t\t\t\t<div class=\"elementor-widget-container\">\n\t\t\t\t\t<div class=\"elementor-button-wrapper\">\n\t\t\t<a class=\"elementor-button elementor-button-link elementor-size-sm\" href=\"https:\/\/theadventurebrands.com\/reglas-uca-ecuador\/\" target=\"_blank\">\n\t\t\t\t\t\t<span class=\"elementor-button-content-wrapper\">\n\t\t\t\t\t\t\t\t\t<span class=\"elementor-button-text\">SISTEMA DE CALIFICACION Y REGLAS (Adventure Brands)<\/span>\n\t\t\t\t\t<\/span>\n\t\t\t\t\t<\/a>\n\t\t<\/div>\n\t\t\t\t<\/div>\n\t\t\t\t<\/div>\n\t\t\t\t<\/div>\n\t\t<div class=\"elementor-element elementor-element-838298b e-flex e-con-boxed e-con e-parent\" data-id=\"838298b\" data-element_type=\"container\">\n\t\t\t\t\t<div class=\"e-con-inner\">\n\t\t\t\t<div class=\"elementor-element elementor-element-4b8f14e elementor-widget elementor-widget-image\" data-id=\"4b8f14e\" data-element_type=\"widget\" data-widget_type=\"image.default\">\n\t\t\t\t<div class=\"elementor-widget-container\">\n\t\t\t\t\t\t\t\t\t\t\t\t\t<img decoding=\"async\" width=\"1450\" height=\"169\" src=\"https:\/\/fecucheer.com\/wp-content\/uploads\/2025\/08\/logos-mas-fecu.png\" class=\"attachment-full size-full wp-image-980\" alt=\"\" srcset=\"https:\/\/fecucheer.com\/wp-content\/uploads\/2025\/08\/logos-mas-fecu.png 1450w, https:\/\/fecucheer.com\/wp-content\/uploads\/2025\/08\/logos-mas-fecu-300x35.png 300w, https:\/\/fecucheer.com\/wp-content\/uploads\/2025\/08\/logos-mas-fecu-1024x119.png 1024w, https:\/\/fecucheer.com\/wp-content\/uploads\/2025\/08\/logos-mas-fecu-768x90.png 768w\" sizes=\"(max-width: 1450px) 100vw, 1450px\" \/>\t\t\t\t\t\t\t\t\t\t\t\t\t<\/div>\n\t\t\t\t<\/div>\n\t\t\t\t\t<\/div>\n\t\t\t\t<\/div>\n\t\t\t\t<\/div>\n\t\t","protected":false},"excerpt":{"rendered":"<p>COPA AMERICANA DEL DEPORTE\u00a0\u00a0 Nos complace anunciar la primera edici\u00f3n oficial de la Copa Americana del Deporte, con su Copa de Cheerleading, un evento hist\u00f3rico para todos los equipos del pa\u00eds organizado por la Alcaldia de Guayaquil en conjunto con la Federaci\u00f3n Ecuatoriana de Cheerleading.\u00a0 Un evento para celebrar el talento Nacional, impulsar el desarrollo [&hellip;]<\/p>\n","protected":false},"author":1,"featured_media":0,"parent":0,"menu_order":0,"comment_status":"closed","ping_status":"closed","template":"","meta":{"footnotes":""},"class_list":["post-914","page","type-page","status-publish","hentry"],"blocksy_meta":[],"_links":{"self":[{"href":"https:\/\/fecucheer.com\/index.php\/wp-json\/wp\/v2\/pages\/914","targetHints":{"allow":["GET"]}}],"collection":[{"href":"https:\/\/fecucheer.com\/index.php\/wp-json\/wp\/v2\/pages"}],"about":[{"href":"https:\/\/fecucheer.com\/index.php\/wp-json\/wp\/v2\/types\/page"}],"author":[{"embeddable":true,"href":"https:\/\/fecucheer.com\/index.php\/wp-json\/wp\/v2\/users\/1"}],"replies":[{"embeddable":true,"href":"https:\/\/fecucheer.com\/index.php\/wp-json\/wp\/v2\/comments?post=914"}],"version-history":[{"count":34,"href":"https:\/\/fecucheer.com\/index.php\/wp-json\/wp\/v2\/pages\/914\/revisions"}],"predecessor-version":[{"id":1033,"href":"https:\/\/fecucheer.com\/index.php\/wp-json\/wp\/v2\/pages\/914\/revisions\/1033"}],"wp:attachment":[{"href":"https:\/\/fecucheer.com\/index.php\/wp-json\/wp\/v2\/media?parent=914"}],"curies":[{"name":"wp","href":"https:\/\/api.w.org\/{rel}","templated":true}]}}