{"id":956,"date":"2025-08-28T19:40:44","date_gmt":"2025-08-29T00:40:44","guid":{"rendered":"https:\/\/fecucheer.com\/?page_id=956"},"modified":"2025-08-28T19:50:47","modified_gmt":"2025-08-29T00:50:47","slug":"audiciones-team-coed-panamericano-2026","status":"publish","type":"page","link":"https:\/\/fecucheer.com\/index.php\/audiciones-team-coed-panamericano-2026\/","title":{"rendered":"Audiciones Team coed Panamericano 2026"},"content":{"rendered":"\t\t<div data-elementor-type=\"wp-page\" data-elementor-id=\"956\" class=\"elementor elementor-956\" data-elementor-post-type=\"page\">\n\t\t\t\t<div class=\"elementor-element elementor-element-4fdd4f0 e-con-full e-flex e-con e-parent\" data-id=\"4fdd4f0\" data-element_type=\"container\">\n\t\t\t\t<div class=\"elementor-element elementor-element-4084aca elementor-widget elementor-widget-image\" data-id=\"4084aca\" data-element_type=\"widget\" data-widget_type=\"image.default\">\n\t\t\t\t<div class=\"elementor-widget-container\">\n\t\t\t<style>\/*! elementor - v3.22.0 - 26-06-2024 *\/\n.elementor-widget-image{text-align:center}.elementor-widget-image a{display:inline-block}.elementor-widget-image a img[src$=\".svg\"]{width:48px}.elementor-widget-image img{vertical-align:middle;display:inline-block}<\/style>\t\t\t\t\t\t\t\t\t\t<img fetchpriority=\"high\" decoding=\"async\" width=\"1355\" height=\"460\" src=\"https:\/\/fecucheer.com\/wp-content\/uploads\/2025\/08\/panamericano-mexico.png\" class=\"attachment-full size-full wp-image-958\" alt=\"\" srcset=\"https:\/\/fecucheer.com\/wp-content\/uploads\/2025\/08\/panamericano-mexico.png 1355w, https:\/\/fecucheer.com\/wp-content\/uploads\/2025\/08\/panamericano-mexico-300x102.png 300w, https:\/\/fecucheer.com\/wp-content\/uploads\/2025\/08\/panamericano-mexico-1024x348.png 1024w, https:\/\/fecucheer.com\/wp-content\/uploads\/2025\/08\/panamericano-mexico-768x261.png 768w\" sizes=\"(max-width: 1355px) 100vw, 1355px\" \/>\t\t\t\t\t\t\t\t\t\t\t\t\t<\/div>\n\t\t\t\t<\/div>\n\t\t\t\t<\/div>\n\t\t<div class=\"elementor-element elementor-element-79311c7 e-con-full e-flex e-con e-parent\" data-id=\"79311c7\" data-element_type=\"container\">\n\t\t\t\t<div class=\"elementor-element elementor-element-1d87d67 elementor-widget__width-inherit elementor-widget elementor-widget-text-editor\" data-id=\"1d87d67\" data-element_type=\"widget\" data-widget_type=\"text-editor.default\">\n\t\t\t\t<div class=\"elementor-widget-container\">\n\t\t\t<style>\/*! elementor - v3.22.0 - 26-06-2024 *\/\n.elementor-widget-text-editor.elementor-drop-cap-view-stacked .elementor-drop-cap{background-color:#69727d;color:#fff}.elementor-widget-text-editor.elementor-drop-cap-view-framed .elementor-drop-cap{color:#69727d;border:3px solid;background-color:transparent}.elementor-widget-text-editor:not(.elementor-drop-cap-view-default) .elementor-drop-cap{margin-top:8px}.elementor-widget-text-editor:not(.elementor-drop-cap-view-default) .elementor-drop-cap-letter{width:1em;height:1em}.elementor-widget-text-editor .elementor-drop-cap{float:left;text-align:center;line-height:1;font-size:50px}.elementor-widget-text-editor .elementor-drop-cap-letter{display:inline-block}<\/style>\t\t\t\t<p>\u00bfTienes lo necesario para ser parte de <strong>TEAM ECUADOR PANAMERICANO CHEERLEADING 2026<\/strong>?<\/p><p>La <strong>Federaci\u00f3n Ecuatoriana de Cheerleading<\/strong>\u00a0abrir\u00e1 pronto el proceso de audici\u00f3n para conformar la nueva Selecci\u00f3n Nacional\u00a0 para ser parte en el Panamericano 2026- <strong>Team Ecuador Cheerleading COED PREMIER 2026.<\/strong><\/p><p>Si deseas aplicar, aseg\u00farate de empezar a trabajar en elementos de nivel 7 para que puedas ser parte de la audici\u00f3n.<\/p><p>Algunos puntos indispensables para audicionar:<\/p><ul><li>Contar con <strong>pasaporte vigente<\/strong> o estar en proceso de emisi\u00f3n\/renovaci\u00f3n<\/li><li>Tener <strong>visa americana<\/strong> vigente, en renovaci\u00f3n o con cita ya agendada<\/li><\/ul><p><b>PRONTO MAS INFORMACION, DE FECHA Y LUGAR DE AUDICION<\/b><\/p>\t\t\t\t\t\t<\/div>\n\t\t\t\t<\/div>\n\t\t\t\t<div class=\"elementor-element elementor-element-bc0c167 elementor-button-info elementor-widget elementor-widget-button\" data-id=\"bc0c167\" data-element_type=\"widget\" data-widget_type=\"button.default\">\n\t\t\t\t<div class=\"elementor-widget-container\">\n\t\t\t\t\t<div class=\"elementor-button-wrapper\">\n\t\t\t<a class=\"elementor-button elementor-size-sm\" role=\"button\">\n\t\t\t\t\t\t<span class=\"elementor-button-content-wrapper\">\n\t\t\t\t\t\t\t\t\t<span class=\"elementor-button-text\">INFORMATIVO AUDICI\u00d3N TEAM ECUADOR COED 2026 (proximamente)<\/span>\n\t\t\t\t\t<\/span>\n\t\t\t\t\t<\/a>\n\t\t<\/div>\n\t\t\t\t<\/div>\n\t\t\t\t<\/div>\n\t\t\t\t<div class=\"elementor-element elementor-element-df44091 elementor-button-danger elementor-widget elementor-widget-button\" data-id=\"df44091\" data-element_type=\"widget\" data-widget_type=\"button.default\">\n\t\t\t\t<div class=\"elementor-widget-container\">\n\t\t\t\t\t<div class=\"elementor-button-wrapper\">\n\t\t\t<a class=\"elementor-button elementor-size-sm\" role=\"button\">\n\t\t\t\t\t\t<span class=\"elementor-button-content-wrapper\">\n\t\t\t\t\t\t\t\t\t<span class=\"elementor-button-text\">FORMULARIO AUDICI\u00d3N TEAM ECUADOR COED 2026 (proximamente)<\/span>\n\t\t\t\t\t<\/span>\n\t\t\t\t\t<\/a>\n\t\t<\/div>\n\t\t\t\t<\/div>\n\t\t\t\t<\/div>\n\t\t\t\t<div class=\"elementor-element elementor-element-2b9fc69 elementor-widget elementor-widget-text-editor\" data-id=\"2b9fc69\" data-element_type=\"widget\" data-widget_type=\"text-editor.default\">\n\t\t\t\t<div class=\"elementor-widget-container\">\n\t\t\t\t\t\t\t<p>Prep\u00e1rate para vivir una experiencia \u00fanica representando al Ecuador en el <strong>Panamericano de Cheerleading 2026<\/strong> en Ciudad de Mexico en Septiembre 2026.<\/p><p><strong>ECUADOR &#8211; E\u00a0 C\u00a0 UUU!!<\/strong><\/p>\t\t\t\t\t\t<\/div>\n\t\t\t\t<\/div>\n\t\t\t\t<\/div>\n\t\t\t\t<\/div>\n\t\t","protected":false},"excerpt":{"rendered":"<p>\u00bfTienes lo necesario para ser parte de TEAM ECUADOR PANAMERICANO CHEERLEADING 2026? La Federaci\u00f3n Ecuatoriana de Cheerleading\u00a0abrir\u00e1 pronto el proceso de audici\u00f3n para conformar la nueva Selecci\u00f3n Nacional\u00a0 para ser parte en el Panamericano 2026- Team Ecuador Cheerleading COED PREMIER 2026. Si deseas aplicar, aseg\u00farate de empezar a trabajar en elementos de nivel 7 para [&hellip;]<\/p>\n","protected":false},"author":1,"featured_media":0,"parent":0,"menu_order":0,"comment_status":"closed","ping_status":"closed","template":"","meta":{"footnotes":""},"class_list":["post-956","page","type-page","status-publish","hentry"],"blocksy_meta":[],"_links":{"self":[{"href":"https:\/\/fecucheer.com\/index.php\/wp-json\/wp\/v2\/pages\/956","targetHints":{"allow":["GET"]}}],"collection":[{"href":"https:\/\/fecucheer.com\/index.php\/wp-json\/wp\/v2\/pages"}],"about":[{"href":"https:\/\/fecucheer.com\/index.php\/wp-json\/wp\/v2\/types\/page"}],"author":[{"embeddable":true,"href":"https:\/\/fecucheer.com\/index.php\/wp-json\/wp\/v2\/users\/1"}],"replies":[{"embeddable":true,"href":"https:\/\/fecucheer.com\/index.php\/wp-json\/wp\/v2\/comments?post=956"}],"version-history":[{"count":7,"href":"https:\/\/fecucheer.com\/index.php\/wp-json\/wp\/v2\/pages\/956\/revisions"}],"predecessor-version":[{"id":967,"href":"https:\/\/fecucheer.com\/index.php\/wp-json\/wp\/v2\/pages\/956\/revisions\/967"}],"wp:attachment":[{"href":"https:\/\/fecucheer.com\/index.php\/wp-json\/wp\/v2\/media?parent=956"}],"curies":[{"name":"wp","href":"https:\/\/api.w.org\/{rel}","templated":true}]}}